{"id":10045,"date":"2022-08-09T18:13:24","date_gmt":"2022-08-09T16:13:24","guid":{"rendered":"http:\/\/www.ditziput.de\/?page_id=10045"},"modified":"2025-06-09T00:23:13","modified_gmt":"2025-06-08T22:23:13","slug":"ditziput-e-v","status":"publish","type":"page","link":"http:\/\/www.ditziput.de\/?page_id=10045","title":{"rendered":"Verein und Beitritt"},"content":{"rendered":"<p>[et_pb_section fb_built=&#8220;1&#8243; admin_label=&#8220;section&#8220; _builder_version=&#8220;4.27.4&#8243; global_colors_info=&#8220;{}&#8220;][et_pb_row _builder_version=&#8220;4.26.1&#8243; _module_preset=&#8220;default&#8220; global_colors_info=&#8220;{}&#8220;][et_pb_column type=&#8220;4_4&#8243; _builder_version=&#8220;4.26.1&#8243; _module_preset=&#8220;default&#8220; global_colors_info=&#8220;{}&#8220;][et_pb_text _builder_version=&#8220;4.27.0&#8243; _module_preset=&#8220;default&#8220; header_text_color=&#8220;#000000&#8243; header_font_size=&#8220;35px&#8220; custom_margin=&#8220;||0px|||&#8220; animation_style=&#8220;fade&#8220; global_colors_info=&#8220;{}&#8220;]<\/p>\n<h1 class=\"entry-title main_title\"><strong>Kinderspielstadt Ditziput e.V.<\/strong><\/h1>\n<p>[\/et_pb_text][et_pb_text _builder_version=&#8220;4.27.0&#8243; _module_preset=&#8220;default&#8220; text_text_color=&#8220;#000000&#8243; text_font_size=&#8220;22px&#8220; header_font=&#8220;||||||||&#8220; header_text_align=&#8220;left&#8220; header_text_color=&#8220;#000000&#8243; animation_style=&#8220;fade&#8220; animation_delay=&#8220;150ms&#8220; global_colors_info=&#8220;{}&#8220;]<\/p>\n<h1 class=\"entry-title main_title\"><span style=\"font-size: 22px;\">Wir sind ein gemeinn\u00fctziger Verein, der sich 2012 gegr\u00fcndet hat, um die \u201eKinderspielstadt Ditziput\u201c in der bekannt hohen Qualit\u00e4t fortzuf\u00fchren.<\/span><\/h1>\n<div class=\"entry-content\">\n<div aria-hidden=\"true\" class=\"wp-block-spacer\"><\/div>\n<p>Der j\u00e4hrliche Mitgliedsbeitrag<br \/>\u2013 f\u00fcr ein aktives Mitglied betr\u00e4gt 40 Euro bzw.<br \/>\u2013 f\u00fcr ein passives Mitglied 50 Euro.<\/p>\n<p>Aktive Mitglieder sind Mitglieder, die in der Ma\u00dfnahme als Betreuer aktiv teilnehmen. Passive Mitglieder sind Mitglieder, die in der Ma\u00dfnahme als Betreuer nicht teilnehmen.<\/p>\n<p>Sind Sie Mitglied, k\u00f6nnen Sie von dem Mitgliedsbeitrag je nach angemeldeter Kinderzahl bis zu maximal 30 Euro wieder mit der Anmeldung Ihrer Kinder einsparen, wenn Sie vor dem Anmeldetermin Mitglied im Verein geworden sind.<\/p>\n<p>Die Entscheidung \u00fcber die H\u00f6he des Mitgliedsbeitrags obliegt den Mitgliedern des Vereins und wird ggf. i. R. einer Mitgliederversammlung mehrheitlich entschieden.<\/p>\n<\/div>\n<p>[\/et_pb_text][et_pb_image src=&#8220;http:\/\/www.ditziput.de\/wp-content\/uploads\/2024\/07\/28.png&#8220; title_text=&#8220;28&#8243; disabled_on=&#8220;on|on|off&#8220; _builder_version=&#8220;4.27.0&#8243; _module_preset=&#8220;default&#8220; positioning=&#8220;absolute&#8220; vertical_offset=&#8220;70%&#8220; horizontal_offset=&#8220;20%&#8220; width=&#8220;59%&#8220; animation_style=&#8220;flip&#8220; animation_direction=&#8220;bottom&#8220; animation_duration=&#8220;300ms&#8220; animation_delay=&#8220;1600ms&#8220; global_colors_info=&#8220;{}&#8220;][\/et_pb_image][\/et_pb_column][\/et_pb_row][et_pb_row column_structure=&#8220;1_2,1_2&#8243; _builder_version=&#8220;4.27.4&#8243; _module_preset=&#8220;default&#8220; hover_enabled=&#8220;0&#8243; global_colors_info=&#8220;{}&#8220; sticky_enabled=&#8220;0&#8243;][et_pb_column type=&#8220;1_2&#8243; _builder_version=&#8220;4.26.1&#8243; _module_preset=&#8220;default&#8220; global_colors_info=&#8220;{}&#8220;][et_pb_button button_url=&#8220;https:\/\/ditziput.de\/wp-content\/uploads\/2022\/08\/Vereinssatzung2022.pdf&#8220; button_text=&#8220;Vereinssatzung&#8220; button_alignment=&#8220;center&#8220; _builder_version=&#8220;4.27.4&#8243; _module_preset=&#8220;default&#8220; custom_button=&#8220;on&#8220; button_text_color=&#8220;#000000&#8243; button_bg_color=&#8220;gcid-secondary-color&#8220; button_border_width=&#8220;0px&#8220; button_border_color=&#8220;gcid-primary-color&#8220; button_border_radius=&#8220;8px&#8220; button_font=&#8220;||||||||&#8220; hover_enabled=&#8220;0&#8243; global_colors_info=&#8220;{%22gcid-primary-color%22:%91%22button_bg_color__hover%22,%22button_border_color%22%93,%22gcid-secondary-color%22:%91%22button_bg_color%22%93}&#8220; button_bg_color__hover=&#8220;#318ce7&#8243; button_bg_color__hover_enabled=&#8220;on|desktop&#8220; button_border_color__hover=&#8220;#000000&#8243; button_border_color__hover_enabled=&#8220;on|desktop&#8220; sticky_enabled=&#8220;0&#8243; animation_style=&#8220;slide&#8220; animation_direction=&#8220;bottom&#8220;][\/et_pb_button][\/et_pb_column][et_pb_column type=&#8220;1_2&#8243; _builder_version=&#8220;4.26.1&#8243; _module_preset=&#8220;default&#8220; global_colors_info=&#8220;{}&#8220;][et_pb_button button_url=&#8220;https:\/\/ditziput.de\/wp-content\/uploads\/2023\/02\/FlyerDitziput.pdf&#8220; button_text=&#8220;Flyer von Ditziput&#8220; button_alignment=&#8220;center&#8220; _builder_version=&#8220;4.27.4&#8243; _module_preset=&#8220;default&#8220; custom_button=&#8220;on&#8220; button_text_color=&#8220;#000000&#8243; button_bg_color=&#8220;gcid-secondary-color&#8220; button_border_width=&#8220;0px&#8220; button_border_color=&#8220;gcid-primary-color&#8220; button_border_radius=&#8220;8px&#8220; button_font=&#8220;||||||||&#8220; animation_style=&#8220;slide&#8220; animation_direction=&#8220;bottom&#8220; animation_duration=&#8220;500ms&#8220; animation_delay=&#8220;550ms&#8220; animation_intensity_slide=&#8220;43%&#8220; hover_enabled=&#8220;0&#8243; box_shadow_style=&#8220;preset1&#8243; global_colors_info=&#8220;{%22gcid-primary-color%22:%91%22button_bg_color__hover%22,%22button_border_color%22%93,%22gcid-secondary-color%22:%91%22button_bg_color%22%93,%22gcid-54eed0ac-397f-4257-a193-b2f7a053c09c%22:%91%22button_bg_color%22%93}&#8220; button_border_color__hover=&#8220;#000000&#8243; button_border_color__hover_enabled=&#8220;on|desktop&#8220; button_bg_color__hover=&#8220;#318ce7&#8243; button_bg_color__hover_enabled=&#8220;on|desktop&#8220; sticky_enabled=&#8220;0&#8243;][\/et_pb_button][\/et_pb_column][\/et_pb_row][et_pb_row _builder_version=&#8220;4.26.1&#8243; _module_preset=&#8220;default&#8220; global_colors_info=&#8220;{}&#8220;][et_pb_column type=&#8220;4_4&#8243; _builder_version=&#8220;4.26.1&#8243; _module_preset=&#8220;default&#8220; global_colors_info=&#8220;{}&#8220;][et_pb_text _builder_version=&#8220;4.27.0&#8243; _module_preset=&#8220;default&#8220; text_text_color=&#8220;#000000&#8243; header_4_text_color=&#8220;#000000&#8243; header_4_font_size=&#8220;21px&#8220; animation_style=&#8220;fade&#8220; animation_delay=&#8220;800ms&#8220; global_colors_info=&#8220;{}&#8220;]<\/p>\n<h4 class=\"wp-block-heading\"><strong>Die Bankverbindung des Vereins:<\/strong><\/h4>\n<p>IBAN: DE21 6045 0050 0030 1241 83<br \/>BIC:\u00a0\u00a0\u00a0\u00a0SOLADES1LBG<\/p>\n<p>Bank: Kreissparkasse Ludwigsburg<\/p>\n<p>[\/et_pb_text][\/et_pb_column][\/et_pb_row][et_pb_row _builder_version=&#8220;4.26.1&#8243; _module_preset=&#8220;default&#8220; global_colors_info=&#8220;{}&#8220;][et_pb_column type=&#8220;4_4&#8243; _builder_version=&#8220;4.26.1&#8243; _module_preset=&#8220;default&#8220; global_colors_info=&#8220;{}&#8220;][et_pb_cta title=&#8220;Interesse geweckt?&#8220; button_url=&#8220;https:\/\/www.ditziput.de\/?page_id=10078&#8243; button_text=&#8220;Vereinsbeitritt&#8220; module_class=&#8220;pa-background-filter&#8220; _builder_version=&#8220;4.27.0&#8243; _module_preset=&#8220;default&#8220; header_text_color=&#8220;#000000&#8243; header_font_size=&#8220;33px&#8220; body_text_color=&#8220;#000000&#8243; body_font_size=&#8220;17px&#8220; background_color=&#8220;#FFFFFF&#8220; background_image=&#8220;http:\/\/www.ditziput.de\/wp-content\/uploads\/2024\/07\/Weltenfahrer_Wechselbild.jpg&#8220; parallax=&#8220;on&#8220; parallax_method=&#8220;off&#8220; custom_button=&#8220;on&#8220; button_text_color=&#8220;#000000&#8243; button_bg_color=&#8220;gcid-secondary-color&#8220; button_border_width=&#8220;0px&#8220; button_border_color=&#8220;gcid-primary-color&#8220; button_border_radius=&#8220;8px&#8220; button_font=&#8220;||||||||&#8220; custom_padding=&#8220;40px|||||&#8220; animation_style=&#8220;fade&#8220; animation_delay=&#8220;900ms&#8220; border_radii=&#8220;on|20px|20px|20px|20px&#8220; border_width_all=&#8220;3px&#8220; border_color_all=&#8220;#000000&#8243; box_shadow_style_button=&#8220;preset1&#8243; box_shadow_spread_button=&#8220;3px&#8220; box_shadow_color_button=&#8220;rgba(30,111,186,0.15)&#8220; global_colors_info=&#8220;{%22gcid-primary-color%22:%91%22button_bg_color__hover%22,%22button_border_color%22%93,%22gcid-secondary-color%22:%91%22button_bg_color%22%93,%22gcid-54eed0ac-397f-4257-a193-b2f7a053c09c%22:%91%22button_bg_color%22%93}&#8220; button_border_color__hover_enabled=&#8220;on|desktop&#8220; button_border_color__hover=&#8220;#000000&#8243; button_bg_color__hover=&#8220;#318ce7&#8243; button_bg_color__hover_enabled=&#8220;on|desktop&#8220;]<\/p>\n<p>Mehr Informationen gibt es hier.<\/p>\n<p>[\/et_pb_cta][\/et_pb_column][\/et_pb_row][\/et_pb_section]<\/p>\n","protected":false},"excerpt":{"rendered":"<p>Kinderspielstadt Ditziput e.V.Wir sind ein gemeinn\u00fctziger Verein, der sich 2012 gegr\u00fcndet hat, um die \u201eKinderspielstadt Ditziput\u201c in der bekannt hohen Qualit\u00e4t fortzuf\u00fchren. Der j\u00e4hrliche Mitgliedsbeitrag\u2013 f\u00fcr ein aktives Mitglied betr\u00e4gt 40 Euro bzw.\u2013 f\u00fcr ein passives Mitglied 50 Euro. Aktive Mitglieder sind Mitglieder, die in der Ma\u00dfnahme als Betreuer aktiv teilnehmen. Passive Mitglieder sind Mitglieder, [&hellip;]<\/p>\n","protected":false},"author":1,"featured_media":0,"parent":0,"menu_order":0,"comment_status":"closed","ping_status":"closed","template":"","meta":{"_et_pb_use_builder":"on","_et_pb_old_content":"<!-- wp:paragraph -->\n<p>Wir sind ein gemeinn\u00fctziger Verein, der sich 2012 gegr\u00fcndet hat, um die \"Kinderspielstadt Ditziput\" in der bekannt hohen Qualit\u00e4t fortzuf\u00fchren.<br><\/p>\n<!-- \/wp:paragraph -->\n\n<!-- wp:spacer {\"height\":20} -->\n<div style=\"height:20px\" aria-hidden=\"true\" class=\"wp-block-spacer\"><\/div>\n<!-- \/wp:spacer -->\n\n<!-- wp:paragraph -->\n<p>Der j\u00e4hrliche Mitgliedsbeitrag<br>- f\u00fcr ein aktives Mitglied betr\u00e4gt 40 Euro bzw.<br>- f\u00fcr ein passives Mitglied 50 Euro.<\/p>\n<!-- \/wp:paragraph -->\n\n<!-- wp:paragraph -->\n<p>Aktive Mitglieder sind Mitglieder, die in der Ma\u00dfnahme als Betreuer aktiv teilnehmen. Passive Mitglieder sind Mitglieder, die in der Ma\u00dfnahme als Betreuer nicht teilnehmen.<\/p>\n<!-- \/wp:paragraph -->\n\n<!-- wp:paragraph -->\n<p>Sind Sie Mitglied, k\u00f6nnen Sie von dem Mitgliedsbeitrag je nach angemeldeter Kinderzahl bis zu maximal 30 Euro wieder mit der Anmeldung Ihrer Kinder einsparen, wenn Sie vor dem Anmeldetermin Mitglied im Verein geworden sind.<\/p>\n<!-- \/wp:paragraph -->\n\n<!-- wp:paragraph -->\n<p>Die Entscheidung \u00fcber die H\u00f6he des Mitgliedsbeitrags obliegt den Mitgliedern des Vereins und wird ggf. i. R. einer Mitgliederversammlung mehrheitlich entschieden.<\/p>\n<!-- \/wp:paragraph -->\n\n<!-- wp:paragraph {\"customTextColor\":\"#0018ff\"} -->\n<p style=\"color:#0018ff\" class=\"has-text-color\">Die aktuelle <a rel=\"noreferrer noopener\" aria-label=\" (\u00f6ffnet in neuem Tab)\" href=\"http:\/\/ditziput.de\/wp-content\/uploads\/2022\/08\/Vereinssatzung2022.pdf\" target=\"_blank\">Vereinssatzung<\/a> ist hier verf\u00fcgbar.<br>Der <a href=\"http:\/\/ditziput.de\/wp-content\/uploads\/2023\/02\/FlyerDitziput.pdf\" target=\"_blank\" rel=\"noreferrer noopener\" aria-label=\" (\u00f6ffnet in neuem Tab)\">Flyer von Ditziput <\/a> ist hier verf\u00fcgbar<br><\/p>\n<!-- \/wp:paragraph -->\n\n<!-- wp:paragraph -->\n<p><\/p>\n<!-- \/wp:paragraph -->\n\n<!-- wp:paragraph -->\n<p><br><\/p>\n<!-- \/wp:paragraph -->\n\n<!-- wp:heading {\"level\":4} -->\n<h4><strong>Die Bankverbindung des Vereins:<\/strong>&nbsp;<\/h4>\n<!-- \/wp:heading -->\n\n<!-- wp:paragraph -->\n<p>IBAN: DE21604500500030124183<br>BIC:&nbsp;&nbsp;&nbsp;&nbsp;SOLADES1LBG<\/p>\n<!-- \/wp:paragraph -->\n\n<!-- wp:paragraph -->\n<p>Bank: Kreissparkasse Ludwigsburg <\/p>\n<!-- \/wp:paragraph -->\n\n<!-- wp:paragraph {\"customTextColor\":\"#ff0000\"} -->\n<p style=\"color:#ff0000\" class=\"has-text-color\">-- Weitere Informationen zum Vereinsbeitritt finden Sie unter dem gleichnamigen Men\u00fcpunkt --<br><\/p>\n<!-- \/wp:paragraph -->","_et_gb_content_width":"","ngg_post_thumbnail":0,"footnotes":""},"class_list":["post-10045","page","type-page","status-publish","hentry"],"_links":{"self":[{"href":"http:\/\/www.ditziput.de\/index.php?rest_route=\/wp\/v2\/pages\/10045","targetHints":{"allow":["GET"]}}],"collection":[{"href":"http:\/\/www.ditziput.de\/index.php?rest_route=\/wp\/v2\/pages"}],"about":[{"href":"http:\/\/www.ditziput.de\/index.php?rest_route=\/wp\/v2\/types\/page"}],"author":[{"embeddable":true,"href":"http:\/\/www.ditziput.de\/index.php?rest_route=\/wp\/v2\/users\/1"}],"replies":[{"embeddable":true,"href":"http:\/\/www.ditziput.de\/index.php?rest_route=%2Fwp%2Fv2%2Fcomments&post=10045"}],"version-history":[{"count":54,"href":"http:\/\/www.ditziput.de\/index.php?rest_route=\/wp\/v2\/pages\/10045\/revisions"}],"predecessor-version":[{"id":12179,"href":"http:\/\/www.ditziput.de\/index.php?rest_route=\/wp\/v2\/pages\/10045\/revisions\/12179"}],"wp:attachment":[{"href":"http:\/\/www.ditziput.de\/index.php?rest_route=%2Fwp%2Fv2%2Fmedia&parent=10045"}],"curies":[{"name":"wp","href":"https:\/\/api.w.org\/{rel}","templated":true}]}}