{"id":9333,"date":"2022-08-05T11:22:52","date_gmt":"2022-08-05T09:22:52","guid":{"rendered":"http:\/\/www.ditziput.de\/spielstadt16\/?page_id=9333"},"modified":"2025-08-23T13:47:10","modified_gmt":"2025-08-23T11:47:10","slug":"unsere-kleinsten-2","status":"publish","type":"page","link":"http:\/\/www.ditziput.de\/?page_id=9333","title":{"rendered":"Unsere Kleinsten"},"content":{"rendered":"<p>[et_pb_section fb_built=&#8220;1&#8243; admin_label=&#8220;section&#8220; _builder_version=&#8220;4.27.4&#8243; global_colors_info=&#8220;{}&#8220;][et_pb_row _builder_version=&#8220;4.26.1&#8243; _module_preset=&#8220;default&#8220; global_colors_info=&#8220;{}&#8220;][et_pb_column type=&#8220;4_4&#8243; _builder_version=&#8220;4.26.1&#8243; _module_preset=&#8220;default&#8220; global_colors_info=&#8220;{}&#8220;][et_pb_text _builder_version=&#8220;4.27.0&#8243; _module_preset=&#8220;default&#8220; header_text_color=&#8220;#000000&#8243; header_font_size=&#8220;35px&#8220; custom_margin=&#8220;||1px|||&#8220; animation_style=&#8220;fade&#8220; global_colors_info=&#8220;{}&#8220;]<\/p>\n<h1 class=\"entry-title main_title\"><strong>Unsere Kleinsten<\/strong><\/h1>\n<p>[\/et_pb_text][et_pb_text _builder_version=&#8220;4.27.0&#8243; _module_preset=&#8220;default&#8220; text_text_color=&#8220;#000000&#8243; text_font_size=&#8220;24px&#8220; text_line_height=&#8220;1.8em&#8220; header_text_color=&#8220;#000000&#8243; header_font_size=&#8220;36px&#8220; animation_style=&#8220;fade&#8220; animation_delay=&#8220;150ms&#8220; global_colors_info=&#8220;{}&#8220;]<\/p>\n<h1 class=\"entry-title main_title\"><span style=\"font-size: 24px;\">Jedes Jahr besuchen Kinderg\u00e4rten oder Kindertagesst\u00e4tten die Kinderspielstadt Ditziput. Im Folgenden findet Ihr eine \u00dcbersicht \u00fcber die KiGas oder KiTas der letzten Jahre.<\/span><\/h1>\n<p>[\/et_pb_text][\/et_pb_column][\/et_pb_row][et_pb_row _builder_version=&#8220;4.27.0&#8243; _module_preset=&#8220;default&#8220; saved_tabs=&#8220;all&#8220; global_colors_info=&#8220;{}&#8220;][et_pb_column type=&#8220;4_4&#8243; _builder_version=&#8220;4.26.1&#8243; _module_preset=&#8220;default&#8220; global_colors_info=&#8220;{}&#8220;][et_pb_slider use_bg_overlay=&#8220;on&#8220; arrows_custom_color=&#8220;#FFFFFF&#8220; dot_nav_custom_color=&#8220;#FFFFFF&#8220; _builder_version=&#8220;4.27.4&#8243; _module_preset=&#8220;default&#8220; header_text_align=&#8220;center&#8220; header_font_size=&#8220;100px&#8220; body_text_align=&#8220;center&#8220; body_font_size=&#8220;25px&#8220; module_alignment=&#8220;center&#8220; content_max_width=&#8220;100%&#8220; min_height=&#8220;699px&#8220; max_height=&#8220;880px&#8220; custom_padding=&#8220;0px||502px||false|false&#8220; animation_style=&#8220;fade&#8220; animation_delay=&#8220;300ms&#8220; auto=&#8220;on&#8220; hover_enabled=&#8220;0&#8243; global_colors_info=&#8220;{}&#8220; sticky_enabled=&#8220;0&#8243;][et_pb_slide heading=&#8220;2025&#8243; admin_title=&#8220;KiTa Grasweg&#8220; _builder_version=&#8220;4.27.4&#8243; _module_preset=&#8220;default&#8220; background_color=&#8220;gcid-9ca9a1c3-8804-41cc-bf70-11d668303800&#8243; background_enable_color=&#8220;on&#8220; background_image=&#8220;https:\/\/www.ditziput.de\/wp-content\/uploads\/2025\/08\/IMG_20250806_123314-scaled.jpg&#8220; background_enable_image=&#8220;on&#8220; hover_enabled=&#8220;0&#8243; global_colors_info=&#8220;{%22gcid-9ca9a1c3-8804-41cc-bf70-11d668303800%22:%91%22background_color%22%93}&#8220; sticky_transition=&#8220;on&#8220; sticky_enabled=&#8220;0&#8243; title_text=&#8220;IMG_20250806_123314&#8243;]<\/p>\n<p>KiTa Mozartweg<\/p>\n<p>[\/et_pb_slide][et_pb_slide heading=&#8220;2024&#8243; admin_title=&#8220;KiTa Grasweg&#8220; _builder_version=&#8220;4.27.4&#8243; _module_preset=&#8220;default&#8220; background_image=&#8220;https:\/\/www.ditziput.de\/wp-content\/uploads\/2024\/08\/IMG_5937-scaled.jpg&#8220; background_enable_image=&#8220;on&#8220; hover_enabled=&#8220;0&#8243; global_colors_info=&#8220;{}&#8220; sticky_transition=&#8220;on&#8220; sticky_enabled=&#8220;0&#8243;]<\/p>\n<p>KiTa Grasweg<\/p>\n<p>[\/et_pb_slide][et_pb_slide heading=&#8220;2023&#8243; _builder_version=&#8220;4.26.1&#8243; _module_preset=&#8220;default&#8220; background_image=&#8220;http:\/\/www.ditziput.de\/wp-content\/uploads\/2023\/08\/Kinderhaus-Schloss-scaled.jpg&#8220; background_enable_image=&#8220;on&#8220; global_colors_info=&#8220;{}&#8220; sticky_transition=&#8220;on&#8220;]<\/p>\n<p>Kinderhaus Schloss<\/p>\n<p>[\/et_pb_slide][et_pb_slide heading=&#8220;2022&#8243; _builder_version=&#8220;4.26.1&#8243; _module_preset=&#8220;default&#8220; background_image=&#8220;http:\/\/www.ditziput.de\/wp-content\/uploads\/2023\/02\/Kita-Wiesen\u00e4cker-2022.jpg&#8220; background_enable_image=&#8220;on&#8220; global_colors_info=&#8220;{}&#8220; sticky_transition=&#8220;on&#8220;]<\/p>\n<p>KiTa Wiesen\u00e4cker<\/p>\n<p>[\/et_pb_slide][et_pb_slide heading=&#8220;2019&#8243; _builder_version=&#8220;4.26.1&#8243; _module_preset=&#8220;default&#8220; background_image=&#8220;http:\/\/www.ditziput.de\/wp-content\/uploads\/2023\/02\/2019-Katholische-Kita-Hirschlanden.jpg&#8220; background_enable_image=&#8220;on&#8220; global_colors_info=&#8220;{}&#8220; sticky_transition=&#8220;on&#8220;]<\/p>\n<p>Katholische KiTa Hirschlanden<\/p>\n<p>[\/et_pb_slide][et_pb_slide heading=&#8220;2018&#8243; _builder_version=&#8220;4.26.1&#8243; _module_preset=&#8220;default&#8220; background_image=&#8220;http:\/\/www.ditziput.de\/wp-content\/uploads\/2018\/08\/Kindertagesst\u00e4tte-Brechloch.jpg&#8220; background_enable_image=&#8220;on&#8220; global_colors_info=&#8220;{}&#8220; sticky_transition=&#8220;on&#8220;]<\/p>\n<p>KiGa Brechloch<\/p>\n<p>[\/et_pb_slide][et_pb_slide heading=&#8220;2017&#8243; _builder_version=&#8220;4.26.1&#8243; _module_preset=&#8220;default&#8220; background_image=&#8220;http:\/\/www.ditziput.de\/wp-content\/uploads\/2022\/08\/Kitabild-Wiesen\u00e4cker-1.jpg&#8220; background_enable_image=&#8220;on&#8220; global_colors_info=&#8220;{}&#8220; sticky_transition=&#8220;on&#8220;]<\/p>\n<p>KiGa Wiesen\u00e4cker<\/p>\n<p>[\/et_pb_slide][et_pb_slide heading=&#8220;2016&#8243; _builder_version=&#8220;4.26.1&#8243; _module_preset=&#8220;default&#8220; background_image=&#8220;http:\/\/www.ditziput.de\/wp-content\/uploads\/2022\/08\/Grasweg.jpg&#8220; background_enable_image=&#8220;on&#8220; global_colors_info=&#8220;{}&#8220; sticky_transition=&#8220;on&#8220;]<\/p>\n<p>KiTa Grasweg<\/p>\n<p>[\/et_pb_slide][et_pb_slide heading=&#8220;2015&#8243; _builder_version=&#8220;4.26.1&#8243; _module_preset=&#8220;default&#8220; background_image=&#8220;http:\/\/www.ditziput.de\/wp-content\/uploads\/2022\/08\/GerlingerStr.jpg&#8220; background_enable_image=&#8220;on&#8220; global_colors_info=&#8220;{}&#8220; sticky_transition=&#8220;on&#8220;]<\/p>\n<p>KiTa Gerlinger Stra\u00dfe<\/p>\n<p>[\/et_pb_slide][et_pb_slide heading=&#8220;2014&#8243; _builder_version=&#8220;4.26.1&#8243; _module_preset=&#8220;default&#8220; background_image=&#8220;http:\/\/www.ditziput.de\/wp-content\/uploads\/2024\/07\/KiGaGlemsaue-1024&#215;768-1.jpg&#8220; background_enable_image=&#8220;on&#8220; width=&#8220;100%&#8220; global_colors_info=&#8220;{}&#8220; sticky_transition=&#8220;on&#8220;]<\/p>\n<p>KiGa Glemsaue<\/p>\n<p>[\/et_pb_slide][et_pb_slide heading=&#8220;2014&#8243; _builder_version=&#8220;4.26.1&#8243; _module_preset=&#8220;default&#8220; background_image=&#8220;http:\/\/www.ditziput.de\/wp-content\/uploads\/2024\/07\/KiTaKorntalerStr-1-1.jpg&#8220; background_enable_image=&#8220;on&#8220; global_colors_info=&#8220;{}&#8220; sticky_transition=&#8220;on&#8220;]<\/p>\n<p>KiTa Korntaler Stra\u00dfe<\/p>\n<p>[\/et_pb_slide][et_pb_slide heading=&#8220;2013&#8243; use_bg_overlay=&#8220;on&#8220; _builder_version=&#8220;4.26.1&#8243; _module_preset=&#8220;default&#8220; background_image=&#8220;http:\/\/www.ditziput.de\/wp-content\/uploads\/2022\/08\/KiTaGerlinerStr2013.jpg&#8220; background_enable_image=&#8220;on&#8220; global_colors_info=&#8220;{}&#8220; sticky_transition=&#8220;on&#8220;]<\/p>\n<p>KiTa Gerlinger Stra\u00dfe<\/p>\n<p>[\/et_pb_slide][et_pb_slide heading=&#8220;2012&#8243; use_bg_overlay=&#8220;on&#8220; _builder_version=&#8220;4.26.1&#8243; _module_preset=&#8220;default&#8220; background_image=&#8220;http:\/\/www.ditziput.de\/wp-content\/uploads\/2022\/08\/kindergarten_2012.jpg&#8220; background_enable_image=&#8220;on&#8220; global_colors_info=&#8220;{}&#8220; sticky_transition=&#8220;on&#8220;]<\/p>\n<p>KiGa Lindenstra\u00dfe<\/p>\n<p>[\/et_pb_slide][et_pb_slide heading=&#8220;2011&#8243; use_bg_overlay=&#8220;on&#8220; _builder_version=&#8220;4.26.1&#8243; _module_preset=&#8220;default&#8220; background_image=&#8220;http:\/\/www.ditziput.de\/wp-content\/uploads\/2022\/08\/kindergarten_2011.jpg&#8220; background_enable_image=&#8220;on&#8220; global_colors_info=&#8220;{}&#8220; sticky_transition=&#8220;on&#8220;]<\/p>\n<p>KiGa Schloss<\/p>\n<p>[\/et_pb_slide][et_pb_slide heading=&#8220;2010&#8243; use_bg_overlay=&#8220;on&#8220; use_text_overlay=&#8220;off&#8220; _builder_version=&#8220;4.26.1&#8243; _module_preset=&#8220;default&#8220; header_level=&#8220;h2&#8243; header_font_size=&#8220;83px&#8220; background_image=&#8220;http:\/\/www.ditziput.de\/wp-content\/uploads\/2022\/08\/kindergarten_2010.jpg&#8220; background_enable_image=&#8220;on&#8220; width=&#8220;100%&#8220; max_width=&#8220;100%&#8220; global_colors_info=&#8220;{}&#8220; sticky_transition=&#8220;on&#8220;]<\/p>\n<p>KiGa Hohenstaufen<\/p>\n<p>[\/et_pb_slide][et_pb_slide heading=&#8220;2009&#8243; use_bg_overlay=&#8220;on&#8220; _builder_version=&#8220;4.26.1&#8243; _module_preset=&#8220;default&#8220; background_image=&#8220;http:\/\/www.ditziput.de\/wp-content\/uploads\/2022\/08\/kindergarten_2009.jpg&#8220; background_enable_image=&#8220;on&#8220; global_colors_info=&#8220;{}&#8220; sticky_transition=&#8220;on&#8220;]<\/p>\n<p>KiTa Gerlinger Stra\u00dfe<\/p>\n<p>[\/et_pb_slide][et_pb_slide heading=&#8220;2008&#8243; use_text_overlay=&#8220;off&#8220; arrows_custom_color=&#8220;#FFFFFF&#8220; dot_nav_custom_color=&#8220;#FFFFFF&#8220; _builder_version=&#8220;4.26.1&#8243; _module_preset=&#8220;default&#8220; header_level=&#8220;h1&#8243; header_text_align=&#8220;center&#8220; header_font_size=&#8220;100px&#8220; header_letter_spacing=&#8220;0px&#8220; body_font_size=&#8220;25px&#8220; background_image=&#8220;http:\/\/www.ditziput.de\/wp-content\/uploads\/2022\/08\/kindergarten_2008.jpg&#8220; background_enable_image=&#8220;on&#8220; text_orientation=&#8220;center&#8220; global_colors_info=&#8220;{}&#8220; sticky_transition=&#8220;on&#8220;]<\/p>\n<p>KiGA Schulstra\u00dfe<\/p>\n<p>[\/et_pb_slide][\/et_pb_slider][et_pb_image src=&#8220;http:\/\/www.ditziput.de\/wp-content\/uploads\/2024\/07\/10.png&#8220; title_text=&#8220;10&#8243; disabled_on=&#8220;on|on|off&#8220; _builder_version=&#8220;4.27.0&#8243; _module_preset=&#8220;default&#8220; positioning=&#8220;absolute&#8220; vertical_offset=&#8220;-45%&#8220; horizontal_offset=&#8220;26%&#8220; width=&#8220;14%&#8220; animation_style=&#8220;fade&#8220; animation_delay=&#8220;50ms&#8220; global_colors_info=&#8220;{}&#8220;][\/et_pb_image][et_pb_image src=&#8220;http:\/\/www.ditziput.de\/wp-content\/uploads\/2024\/07\/4.png&#8220; title_text=&#8220;4&#8243; disabled_on=&#8220;on|on|off&#8220; _builder_version=&#8220;4.27.0&#8243; _module_preset=&#8220;default&#8220; positioning=&#8220;absolute&#8220; vertical_offset=&#8220;-24%&#8220; horizontal_offset=&#8220;80%&#8220; width=&#8220;23%&#8220; animation_style=&#8220;fade&#8220; animation_delay=&#8220;400ms&#8220; global_colors_info=&#8220;{}&#8220;][\/et_pb_image][\/et_pb_column][\/et_pb_row][\/et_pb_section]<\/p>\n","protected":false},"excerpt":{"rendered":"<p>Unsere KleinstenJedes Jahr besuchen Kinderg\u00e4rten oder Kindertagesst\u00e4tten die Kinderspielstadt Ditziput. Im Folgenden findet Ihr eine \u00dcbersicht \u00fcber die KiGas oder KiTas der letzten Jahre.KiTa MozartwegKiTa GraswegKinderhaus SchlossKiTa Wiesen\u00e4ckerKatholische KiTa HirschlandenKiGa BrechlochKiGa Wiesen\u00e4ckerKiTa GraswegKiTa Gerlinger Stra\u00dfeKiGa GlemsaueKiTa Korntaler Stra\u00dfeKiTa Gerlinger Stra\u00dfeKiGa Lindenstra\u00dfeKiGa SchlossKiGa HohenstaufenKiTa Gerlinger Stra\u00dfeKiGA Schulstra\u00dfe<\/p>\n","protected":false},"author":8,"featured_media":0,"parent":0,"menu_order":0,"comment_status":"closed","ping_status":"closed","template":"","meta":{"_et_pb_use_builder":"on","_et_pb_old_content":"<!-- wp:paragraph -->\n<p>Jedes Jahr besuchen Kinderg\u00e4rten oder Kindertagesst\u00e4tten die Kinderspielstadt Ditziput. Im folgenden findet Ihr eine \u00dcbersicht \u00fcber die KiGas oder KiTas der letzten Jahre.<\/p>\n<!-- \/wp:paragraph -->\n\n<!-- wp:heading {\"level\":4} -->\n<h4 class=\"wp-block-heading\">2024: KiTa Grasweg<\/h4>\n<!-- \/wp:heading -->\n\n<!-- wp:heading {\"level\":4} -->\n<h4 class=\"wp-block-heading\">2023: Kinderhaus Schloss<\/h4>\n<!-- \/wp:heading -->\n\n<!-- wp:image {\"id\":10738,\"sizeSlug\":\"large\",\"linkDestination\":\"media\"} -->\n<figure class=\"wp-block-image size-large\"><a href=\"https:\/\/www.ditziput.de\/wp-content\/uploads\/2023\/08\/Kinderhaus-Schloss-scaled.jpg\"><img src=\"https:\/\/www.ditziput.de\/wp-content\/uploads\/2023\/08\/Kinderhaus-Schloss-1024x768.jpg\" alt=\"\" class=\"wp-image-10738\"\/><\/a><\/figure>\n<!-- \/wp:image -->\n\n<!-- wp:heading {\"level\":4} -->\n<h4 class=\"wp-block-heading\">2022: Kita Wiesen\u00e4cker<\/h4>\n<!-- \/wp:heading -->\n\n<!-- wp:image {\"id\":10441,\"width\":512,\"height\":384} -->\n<figure class=\"wp-block-image is-resized\"><img src=\"http:\/\/www.ditziput.de\/wp-content\/uploads\/2023\/02\/Kita-Wiesen\u00e4cker-2022-1024x768.jpg\" alt=\"\" class=\"wp-image-10441\" width=\"512\" height=\"384\"\/><\/figure>\n<!-- \/wp:image -->\n\n<!-- wp:heading {\"level\":4} -->\n<h4 class=\"wp-block-heading\">2019: Katholische Kita Hirschlanden<\/h4>\n<!-- \/wp:heading -->\n\n<!-- wp:image {\"id\":10440,\"width\":512,\"height\":384} -->\n<figure class=\"wp-block-image is-resized\"><img src=\"http:\/\/www.ditziput.de\/wp-content\/uploads\/2023\/02\/2019-Katholische-Kita-Hirschlanden-1024x768.jpg\" alt=\"\" class=\"wp-image-10440\" width=\"512\" height=\"384\"\/><\/figure>\n<!-- \/wp:image -->\n\n<!-- wp:heading {\"level\":4} -->\n<h4 class=\"wp-block-heading\">2018: KiGa Brechloch<br><\/h4>\n<!-- \/wp:heading -->\n\n<!-- wp:image {\"id\":9538,\"width\":305,\"height\":228} -->\n<figure class=\"wp-block-image is-resized\"><img src=\"http:\/\/www.ditziput.de\/spielstadt16\/wp-content\/uploads\/2022\/08\/Kindertagesst\u00e4tte-Brechloch-1024x768.jpg\" alt=\"\" class=\"wp-image-9538\" width=\"305\" height=\"228\"\/><\/figure>\n<!-- \/wp:image -->\n\n<!-- wp:heading {\"level\":4} -->\n<h4 class=\"wp-block-heading\">2017: KiGa Wiesen\u00e4cker<\/h4>\n<!-- \/wp:heading -->\n\n<!-- wp:image {\"id\":10040} -->\n<figure class=\"wp-block-image\"><img src=\"http:\/\/www.ditziput.de\/wp-content\/uploads\/2022\/08\/Kitabild-Wiesen\u00e4cker-1.jpg\" alt=\"\" class=\"wp-image-10040\"\/><\/figure>\n<!-- \/wp:image -->\n\n<!-- wp:heading {\"level\":4} -->\n<h4 class=\"wp-block-heading\">2016: KiTa Grasweg<\/h4>\n<!-- \/wp:heading -->\n\n<!-- wp:image {\"id\":9551,\"width\":301,\"height\":225} -->\n<figure class=\"wp-block-image is-resized\"><img src=\"http:\/\/www.ditziput.de\/spielstadt16\/wp-content\/uploads\/2022\/08\/Grasweg-1-1024x768.jpg\" alt=\"\" class=\"wp-image-9551\" width=\"301\" height=\"225\"\/><\/figure>\n<!-- \/wp:image -->\n\n<!-- wp:heading {\"level\":4} -->\n<h4 class=\"wp-block-heading\">2015: KiTa Gerlinger Stra\u00dfe<\/h4>\n<!-- \/wp:heading -->\n\n<!-- wp:image {\"id\":9541,\"width\":306,\"height\":408} -->\n<figure class=\"wp-block-image is-resized\"><img src=\"http:\/\/www.ditziput.de\/spielstadt16\/wp-content\/uploads\/2022\/08\/GerlingerStr-768x1024.jpg\" alt=\"\" class=\"wp-image-9541\" width=\"306\" height=\"408\"\/><\/figure>\n<!-- \/wp:image -->\n\n<!-- wp:heading {\"level\":4} -->\n<h4 class=\"wp-block-heading\">2014: KiGa Glemsaue, KiTa Korntaler Stra\u00dfe<\/h4>\n<!-- \/wp:heading -->\n\n<!-- wp:gallery {\"linkTo\":\"none\"} -->\n<figure class=\"wp-block-gallery has-nested-images columns-default is-cropped\"><!-- wp:image {\"id\":9542,\"linkDestination\":\"none\"} -->\n<figure class=\"wp-block-image\"><img src=\"https:\/\/www.ditziput.de\/wp-content\/uploads\/2022\/08\/KiGaGlemsaue-1024x768.jpg\" alt=\"\" class=\"wp-image-9542\"\/><figcaption class=\"wp-element-caption\">KiGa Glemsaue<\/figcaption><\/figure>\n<!-- \/wp:image -->\n\n<!-- wp:image {\"id\":9543,\"linkDestination\":\"none\"} -->\n<figure class=\"wp-block-image\"><img src=\"https:\/\/www.ditziput.de\/wp-content\/uploads\/2022\/08\/KiTaKorntalerStr.jpg\" alt=\"\" class=\"wp-image-9543\"\/><figcaption class=\"wp-element-caption\">KiTa Korntaler Stra\u00dfe<\/figcaption><\/figure>\n<!-- \/wp:image --><\/figure>\n<!-- \/wp:gallery -->\n\n<!-- wp:heading {\"level\":4} -->\n<h4 class=\"wp-block-heading\">2013: KiTa Gerlinger Stra\u00dfe<\/h4>\n<!-- \/wp:heading -->\n\n<!-- wp:image {\"id\":9552,\"width\":329,\"height\":246} -->\n<figure class=\"wp-block-image is-resized\"><img src=\"http:\/\/www.ditziput.de\/spielstadt16\/wp-content\/uploads\/2022\/08\/KiTaGerlinerStr2013-1-1024x768.jpg\" alt=\"\" class=\"wp-image-9552\" width=\"329\" height=\"246\"\/><\/figure>\n<!-- \/wp:image -->\n\n<!-- wp:heading {\"level\":4} -->\n<h4 class=\"wp-block-heading\">2012: KiGa Lindenstra\u00dfe<\/h4>\n<!-- \/wp:heading -->\n\n<!-- wp:image {\"id\":9553,\"width\":333,\"height\":250} -->\n<figure class=\"wp-block-image is-resized\"><img src=\"http:\/\/www.ditziput.de\/spielstadt16\/wp-content\/uploads\/2022\/08\/kindergarten_2012-1.jpg\" alt=\"\" class=\"wp-image-9553\" width=\"333\" height=\"250\"\/><\/figure>\n<!-- \/wp:image -->\n\n<!-- wp:heading {\"level\":4} -->\n<h4 class=\"wp-block-heading\">2011: KiGa Schloss<\/h4>\n<!-- \/wp:heading -->\n\n<!-- wp:image {\"id\":9546,\"width\":341,\"height\":256} -->\n<figure class=\"wp-block-image is-resized\"><img src=\"http:\/\/www.ditziput.de\/spielstadt16\/wp-content\/uploads\/2022\/08\/kindergarten_2011.jpg\" alt=\"\" class=\"wp-image-9546\" width=\"341\" height=\"256\"\/><\/figure>\n<!-- \/wp:image -->\n\n<!-- wp:heading {\"level\":4} -->\n<h4 class=\"wp-block-heading\">2010: KiGa Hohenstaufen<\/h4>\n<!-- \/wp:heading -->\n\n<!-- wp:image {\"id\":9548,\"width\":347,\"height\":260} -->\n<figure class=\"wp-block-image is-resized\"><img src=\"http:\/\/www.ditziput.de\/spielstadt16\/wp-content\/uploads\/2022\/08\/kindergarten_2010.jpg\" alt=\"\" class=\"wp-image-9548\" width=\"347\" height=\"260\"\/><\/figure>\n<!-- \/wp:image -->\n\n<!-- wp:heading {\"level\":4} -->\n<h4 class=\"wp-block-heading\">2009: KiTa Gerlinger Stra\u00dfe<\/h4>\n<!-- \/wp:heading -->\n\n<!-- wp:image {\"id\":9549,\"width\":354,\"height\":266} -->\n<figure class=\"wp-block-image is-resized\"><img src=\"http:\/\/www.ditziput.de\/spielstadt16\/wp-content\/uploads\/2022\/08\/kindergarten_2009.jpg\" alt=\"\" class=\"wp-image-9549\" width=\"354\" height=\"266\"\/><\/figure>\n<!-- \/wp:image -->\n\n<!-- wp:heading {\"level\":4} -->\n<h4 class=\"wp-block-heading\">2008: KiGa Schulstra\u00dfe<\/h4>\n<!-- \/wp:heading -->\n\n<!-- wp:image {\"id\":9550,\"width\":360,\"height\":270} -->\n<figure class=\"wp-block-image is-resized\"><img src=\"http:\/\/www.ditziput.de\/spielstadt16\/wp-content\/uploads\/2022\/08\/kindergarten_2008.jpg\" alt=\"\" class=\"wp-image-9550\" width=\"360\" height=\"270\"\/><\/figure>\n<!-- \/wp:image -->","_et_gb_content_width":"","ngg_post_thumbnail":0,"footnotes":""},"class_list":["post-9333","page","type-page","status-publish","hentry"],"_links":{"self":[{"href":"http:\/\/www.ditziput.de\/index.php?rest_route=\/wp\/v2\/pages\/9333","targetHints":{"allow":["GET"]}}],"collection":[{"href":"http:\/\/www.ditziput.de\/index.php?rest_route=\/wp\/v2\/pages"}],"about":[{"href":"http:\/\/www.ditziput.de\/index.php?rest_route=\/wp\/v2\/types\/page"}],"author":[{"embeddable":true,"href":"http:\/\/www.ditziput.de\/index.php?rest_route=\/wp\/v2\/users\/8"}],"replies":[{"embeddable":true,"href":"http:\/\/www.ditziput.de\/index.php?rest_route=%2Fwp%2Fv2%2Fcomments&post=9333"}],"version-history":[{"count":35,"href":"http:\/\/www.ditziput.de\/index.php?rest_route=\/wp\/v2\/pages\/9333\/revisions"}],"predecessor-version":[{"id":12293,"href":"http:\/\/www.ditziput.de\/index.php?rest_route=\/wp\/v2\/pages\/9333\/revisions\/12293"}],"wp:attachment":[{"href":"http:\/\/www.ditziput.de\/index.php?rest_route=%2Fwp%2Fv2%2Fmedia&parent=9333"}],"curies":[{"name":"wp","href":"https:\/\/api.w.org\/{rel}","templated":true}]}}