{"id":9608,"date":"2022-08-05T14:26:14","date_gmt":"2022-08-05T12:26:14","guid":{"rendered":"http:\/\/www.ditziput.de\/spielstadt16\/?page_id=9608"},"modified":"2026-04-12T15:21:13","modified_gmt":"2026-04-12T13:21:13","slug":"standort","status":"publish","type":"page","link":"http:\/\/www.ditziput.de\/?page_id=9608","title":{"rendered":"Standort"},"content":{"rendered":"<p>[et_pb_section fb_built=&#8220;1&#8243; admin_label=&#8220;section&#8220; _builder_version=&#8220;4.27.4&#8243; global_colors_info=&#8220;{}&#8220;][et_pb_row admin_label=&#8220;row&#8220; _builder_version=&#8220;4.26.1&#8243; background_size=&#8220;initial&#8220; background_position=&#8220;top_left&#8220; background_repeat=&#8220;repeat&#8220; global_colors_info=&#8220;{}&#8220;][et_pb_column type=&#8220;4_4&#8243; _builder_version=&#8220;4.16&#8243; custom_padding=&#8220;|||&#8220; global_colors_info=&#8220;{}&#8220; custom_padding__hover=&#8220;|||&#8220;][et_pb_text _builder_version=&#8220;4.26.1&#8243; _module_preset=&#8220;default&#8220; text_text_color=&#8220;#000000&#8243; text_font_size=&#8220;26px&#8220; header_text_color=&#8220;#000000&#8243; header_font_size=&#8220;37px&#8220; global_colors_info=&#8220;{}&#8220;]<\/p>\n<h1 class=\"entry-title main_title\"><strong>Standort<\/strong><\/h1>\n<div class=\"entry-content\">\n<p>Die Kinderspielstadt befindet sich auf dem Schulgel\u00e4nde der Grundschule Heimerdingen.<\/p>\n<p>Adresse: <strong>Weissacher Str. 44, 71254 Ditzingen-Heimerdingen<\/strong><\/p>\n<\/div>\n<p>[\/et_pb_text][\/et_pb_column][\/et_pb_row][et_pb_row _builder_version=&#8220;4.26.1&#8243; _module_preset=&#8220;default&#8220; global_colors_info=&#8220;{}&#8220;][et_pb_column type=&#8220;4_4&#8243; _builder_version=&#8220;4.26.1&#8243; _module_preset=&#8220;default&#8220; global_colors_info=&#8220;{}&#8220;][et_pb_code _builder_version=&#8220;4.26.1&#8243; _module_preset=&#8220;default&#8220; global_colors_info=&#8220;{}&#8220;]<iframe src=\"https:\/\/www.google.com\/maps\/embed?pb=!1m18!1m12!1m3!1d2625.3104433879857!2d8.973583213108355!3d48.852290301014826!2m3!1f0!2f0!3f0!3m2!1i1024!2i768!4f13.1!3m3!1m2!1s0x479762b5609b035d%3A0x17e378fb7a7aac50!2sWeissacher%20Str.%2044%2C%2071254%20Ditzingen!5e0!3m2!1sen!2sde!4v1721762281489!5m2!1sen!2sde\" width=\"100%\" height=\"600\" style=\"border:0;\" allowfullscreen=\"\" loading=\"lazy\" referrerpolicy=\"no-referrer-when-downgrade\"><\/iframe>[\/et_pb_code][et_pb_image src=&#8220;http:\/\/www.ditziput.de\/wp-content\/uploads\/2024\/07\/21.png&#8220; title_text=&#8220;21&#8243; disabled_on=&#8220;on|on|off&#8220; _builder_version=&#8220;4.27.0&#8243; _module_preset=&#8220;default&#8220; positioning=&#8220;absolute&#8220; position_origin_a=&#8220;top_right&#8220; vertical_offset=&#8220;-18%&#8220; horizontal_offset=&#8220;12%&#8220; width=&#8220;8%&#8220; global_colors_info=&#8220;{}&#8220;][\/et_pb_image][\/et_pb_column][\/et_pb_row][et_pb_row _builder_version=&#8220;4.26.1&#8243; _module_preset=&#8220;default&#8220; global_colors_info=&#8220;{}&#8220;][et_pb_column type=&#8220;4_4&#8243; _builder_version=&#8220;4.26.1&#8243; _module_preset=&#8220;default&#8220; global_colors_info=&#8220;{}&#8220;][et_pb_text _builder_version=&#8220;4.26.1&#8243; _module_preset=&#8220;default&#8220; text_text_color=&#8220;#000000&#8243; text_font_size=&#8220;26px&#8220; text_line_height=&#8220;1.8em&#8220; header_text_color=&#8220;#000000&#8243; header_font_size=&#8220;37px&#8220; global_colors_info=&#8220;{}&#8220;]<\/p>\n<h1 class=\"wp-block-heading\"><strong>Lageplan<\/strong><\/h1>\n<p>Unsere Spielstadt besteht aus vielen verschiedenen Bereichen, verteilt \u00fcber das Gel\u00e4nde der Schule. Hier eine \u00dcbersicht, wo ihr welchen Arbeitsbereich finden k\u00f6nnt. G\u00e4ste sind nat\u00fcrlich t\u00e4glich ab 14:00 gerne auf einen erfrischenden Eiskaffee oder Eiskaba in unseren Elterngarten eingeladen.\u00a0<\/p>\n<p>[\/et_pb_text][\/et_pb_column][\/et_pb_row][et_pb_row _builder_version=&#8220;4.26.1&#8243; _module_preset=&#8220;default&#8220; global_colors_info=&#8220;{}&#8220;][et_pb_column type=&#8220;4_4&#8243; _builder_version=&#8220;4.26.1&#8243; _module_preset=&#8220;default&#8220; global_colors_info=&#8220;{}&#8220;][et_pb_image src=&#8220;http:\/\/www.ditziput.de\/wp-content\/uploads\/2024\/07\/Lageplan-Ditziput-2024-komp.-1.png&#8220; title_text=&#8220;Lageplan Ditziput 2024 (komp.)-1&#8243; _builder_version=&#8220;4.26.1&#8243; _module_preset=&#8220;default&#8220; global_colors_info=&#8220;{}&#8220;][\/et_pb_image][et_pb_image src=&#8220;http:\/\/www.ditziput.de\/wp-content\/uploads\/2024\/07\/16.png&#8220; title_text=&#8220;16&#8243; disabled_on=&#8220;on|on|off&#8220; _builder_version=&#8220;4.27.0&#8243; _module_preset=&#8220;default&#8220; positioning=&#8220;absolute&#8220; vertical_offset=&#8220;0%&#8220; horizontal_offset=&#8220;87%&#8220; width=&#8220;13%&#8220; global_colors_info=&#8220;{}&#8220;][\/et_pb_image][\/et_pb_column][\/et_pb_row][\/et_pb_section]<\/p>\n","protected":false},"excerpt":{"rendered":"<p>Standort Die Kinderspielstadt befindet sich auf dem Schulgel\u00e4nde der Grundschule Heimerdingen. Adresse: Weissacher Str. 44, 71254 Ditzingen-Heimerdingen Lageplan Unsere Spielstadt besteht aus vielen verschiedenen Bereichen, verteilt \u00fcber das Gel\u00e4nde der Schule. Hier eine \u00dcbersicht, wo ihr welchen Arbeitsbereich finden k\u00f6nnt. G\u00e4ste sind nat\u00fcrlich t\u00e4glich ab 14:00 gerne auf einen erfrischenden Eiskaffee oder Eiskaba in unseren [&hellip;]<\/p>\n","protected":false},"author":8,"featured_media":0,"parent":0,"menu_order":0,"comment_status":"closed","ping_status":"closed","template":"","meta":{"_et_pb_use_builder":"on","_et_pb_old_content":"<!-- wp:paragraph -->\n<p>Die Kinderspielstadt befindet sich auf dem Schulgel\u00e4nde der Grundschule Heimerdingen.<\/p>\n<!-- \/wp:paragraph -->\n\n<!-- wp:paragraph -->\n<p>Adresse:<\/p>\n<!-- \/wp:paragraph -->\n\n<!-- wp:paragraph -->\n<p>Weissacher Str. 44                                                                                                    71254 Ditzingen-Heimerdingen<\/p>\n<!-- \/wp:paragraph -->\n\n<!-- wp:html -->\n<figure><iframe src=\"https:\/\/www.google.com\/maps\/embed?pb=!1m18!1m12!1m3!1d2625.3204231982386!2d8.973891315639412!3d48.85209997928682!2m3!1f0!2f0!3f0!3m2!1i1024!2i768!4f13.1!3m3!1m2!1s0x479762ca9d2aeec7%3A0x8b030a3c7360de7b!2sGrundschule!5e0!3m2!1sde!2sde!4v1659701796020!5m2!1sde!2sde\" width=\"600\" height=\"450\" allowfullscreen=\"\"><\/iframe><\/figure>\n<!-- \/wp:html -->\n\n<!-- wp:heading {\"level\":3} -->\n<h3>Lageplan<\/h3>\n<!-- \/wp:heading -->\n\n<!-- wp:paragraph -->\n<p>Unsere Spielstadt besteht aus vielen Verschiedenen Bereichen verteilt \u00fcber das Gel\u00e4nde der Schule. Hier eine \u00dcbersicht wo ihr welchen Stand finden k\u00f6nnt. Die Eltern unserer B\u00fcrger sind nat\u00fcrlich jederzeit gerne auf einen erfrischenden Eiskaffee oder Eiskaba in unseren Elterngarten eingeladen <\/p>\n<!-- \/wp:paragraph -->\n\n<!-- wp:image {\"id\":9618} -->\n<figure class=\"wp-block-image\"><img src=\"http:\/\/www.ditziput.de\/spielstadt16\/wp-content\/uploads\/2022\/08\/Ditziput-2022-V2-A3-1024x724.jpg\" alt=\"\" class=\"wp-image-9618\"\/><\/figure>\n<!-- \/wp:image -->","_et_gb_content_width":"","ngg_post_thumbnail":0,"footnotes":""},"class_list":["post-9608","page","type-page","status-publish","hentry"],"_links":{"self":[{"href":"http:\/\/www.ditziput.de\/index.php?rest_route=\/wp\/v2\/pages\/9608","targetHints":{"allow":["GET"]}}],"collection":[{"href":"http:\/\/www.ditziput.de\/index.php?rest_route=\/wp\/v2\/pages"}],"about":[{"href":"http:\/\/www.ditziput.de\/index.php?rest_route=\/wp\/v2\/types\/page"}],"author":[{"embeddable":true,"href":"http:\/\/www.ditziput.de\/index.php?rest_route=\/wp\/v2\/users\/8"}],"replies":[{"embeddable":true,"href":"http:\/\/www.ditziput.de\/index.php?rest_route=%2Fwp%2Fv2%2Fcomments&post=9608"}],"version-history":[{"count":16,"href":"http:\/\/www.ditziput.de\/index.php?rest_route=\/wp\/v2\/pages\/9608\/revisions"}],"predecessor-version":[{"id":12561,"href":"http:\/\/www.ditziput.de\/index.php?rest_route=\/wp\/v2\/pages\/9608\/revisions\/12561"}],"wp:attachment":[{"href":"http:\/\/www.ditziput.de\/index.php?rest_route=%2Fwp%2Fv2%2Fmedia&parent=9608"}],"curies":[{"name":"wp","href":"https:\/\/api.w.org\/{rel}","templated":true}]}}