{"id":10066,"date":"2022-08-09T18:23:35","date_gmt":"2022-08-09T16:23:35","guid":{"rendered":"http:\/\/www.ditziput.de\/?page_id=10066"},"modified":"2026-01-22T21:41:18","modified_gmt":"2026-01-22T20:41:18","slug":"unser-leitbild","status":"publish","type":"page","link":"https:\/\/www.ditziput.de\/?page_id=10066","title":{"rendered":"Unser Leitbild"},"content":{"rendered":"<p>[et_pb_section fb_built=&#8220;1&#8243; _builder_version=&#8220;4.27.4&#8243; _module_preset=&#8220;default&#8220; hover_enabled=&#8220;0&#8243; global_colors_info=&#8220;{}&#8220; sticky_enabled=&#8220;0&#8243;][et_pb_row _builder_version=&#8220;4.26.1&#8243; _module_preset=&#8220;default&#8220; global_colors_info=&#8220;{}&#8220;][et_pb_column type=&#8220;4_4&#8243; _builder_version=&#8220;4.26.1&#8243; _module_preset=&#8220;default&#8220; global_colors_info=&#8220;{}&#8220;][et_pb_text _builder_version=&#8220;4.27.0&#8243; _module_preset=&#8220;default&#8220; header_text_color=&#8220;#000000&#8243; header_font_size=&#8220;35px&#8220; animation_style=&#8220;fade&#8220; global_colors_info=&#8220;{}&#8220;]<\/p>\n<h1><strong>Unser Leitbild<\/strong><\/h1>\n<p>[\/et_pb_text][\/et_pb_column][\/et_pb_row][et_pb_row _builder_version=&#8220;4.27.0&#8243; _module_preset=&#8220;default&#8220; global_colors_info=&#8220;{}&#8220;][et_pb_column type=&#8220;4_4&#8243; _builder_version=&#8220;4.26.1&#8243; _module_preset=&#8220;default&#8220; global_colors_info=&#8220;{}&#8220;][et_pb_image src=&#8220;https:\/\/www.ditziput.de\/wp-content\/uploads\/2024\/08\/Leitbild.png&#8220; title_text=&#8220;Leitbild&#8220; url=&#8220;#gen&#8220; align=&#8220;center&#8220; _builder_version=&#8220;4.27.0&#8243; _module_preset=&#8220;default&#8220; animation_style=&#8220;slide&#8220; animation_direction=&#8220;left&#8220; animation_duration=&#8220;1600ms&#8220; global_colors_info=&#8220;{}&#8220;][\/et_pb_image][et_pb_icon font_icon=&#8220;&#xf06e;||fa||900&#8243; icon_color=&#8220;rgba(255,255,255,0)&#8220; icon_width=&#8220;45px&#8220; url=&#8220;#int1&#8243; _builder_version=&#8220;4.27.0&#8243; _module_preset=&#8220;default&#8220; positioning=&#8220;absolute&#8220; vertical_offset=&#8220;46.5%&#8220; horizontal_offset=&#8220;21.7%&#8220; global_colors_info=&#8220;{}&#8220; icon_color__hover_enabled=&#8220;on|hover&#8220; icon_color__hover=&#8220;#ffffff&#8220;][\/et_pb_icon][et_pb_icon font_icon=&#8220;&#xf06e;||fa||900&#8243; icon_color=&#8220;rgba(255,255,255,0)&#8220; icon_width=&#8220;45px&#8220; url=&#8220;#int2&#8243; _builder_version=&#8220;4.26.1&#8243; _module_preset=&#8220;default&#8220; positioning=&#8220;absolute&#8220; vertical_offset=&#8220;46.5%&#8220; horizontal_offset=&#8220;47.7%&#8220; global_colors_info=&#8220;{}&#8220; icon_color__hover_enabled=&#8220;on|hover&#8220; icon_color__hover=&#8220;#ffffff&#8220;][\/et_pb_icon][et_pb_icon font_icon=&#8220;&#xf06e;||fa||900&#8243; icon_color=&#8220;rgba(255,255,255,0)&#8220; icon_width=&#8220;45px&#8220; url=&#8220;#int3&#8243; _builder_version=&#8220;4.26.1&#8243; _module_preset=&#8220;default&#8220; positioning=&#8220;absolute&#8220; vertical_offset=&#8220;46.5%&#8220; horizontal_offset=&#8220;73.6%&#8220; global_colors_info=&#8220;{}&#8220; icon_color__hover_enabled=&#8220;on|hover&#8220; icon_color__hover=&#8220;#ffffff&#8220;][\/et_pb_icon][\/et_pb_column][\/et_pb_row][et_pb_row module_id=&#8220;int1&#8243; _builder_version=&#8220;4.27.0&#8243; _module_preset=&#8220;default&#8220; animation_direction=&#8220;right&#8220; global_colors_info=&#8220;{}&#8220;][et_pb_column type=&#8220;4_4&#8243; _builder_version=&#8220;4.26.1&#8243; _module_preset=&#8220;default&#8220; global_colors_info=&#8220;{}&#8220;][et_pb_image src=&#8220;http:\/\/www.ditziput.de\/wp-content\/uploads\/2024\/07\/12.png&#8220; title_text=&#8220;12&#8243; disabled_on=&#8220;on|off|off&#8220; _builder_version=&#8220;4.27.0&#8243; _module_preset=&#8220;default&#8220; positioning=&#8220;absolute&#8220; vertical_offset=&#8220;-35%&#8220; horizontal_offset=&#8220;73%&#8220; width=&#8220;33%&#8220; animation_style=&#8220;fade&#8220; animation_delay=&#8220;1500ms&#8220; global_colors_info=&#8220;{}&#8220;][\/et_pb_image][et_pb_text admin_label=&#8220;gen&#8220; _builder_version=&#8220;4.27.0&#8243; _module_preset=&#8220;default&#8220; text_text_color=&#8220;#000000&#8243; text_font_size=&#8220;27px&#8220; ul_line_height=&#8220;1.3em&#8220; header_text_color=&#8220;#000000&#8243; header_font_size=&#8220;37px&#8220; animation_style=&#8220;slide&#8220; animation_direction=&#8220;right&#8220; animation_duration=&#8220;1500ms&#8220; global_colors_info=&#8220;{}&#8220;]<\/p>\n<h1>Intergenerativer Aspekt<\/h1>\n<ul>\n<li>F\u00f6rderung der Kommunikation zwischen den Generationen<\/li>\n<li>Generationen\u00fcbergreifende Realisierung der festgelegten Ziele<\/li>\n<li>Verantwortungstransfer auf junge Betreuer<\/li>\n<li>Integration der \u00e4lteren Betreuer ins junge Umfeld<br \/>durch gemeinsam adressierte Aufgabenstellung<\/li>\n<li>Gewinn durch Erfahrungs- und Gedankenaustausch<\/li>\n<li>Vermeidung oder Abbau von Vorurteilen gegen\u00fcber den anderen Generationen<\/li>\n<\/ul>\n<p>[\/et_pb_text][\/et_pb_column][\/et_pb_row][et_pb_row module_id=&#8220;int2&#8243; _builder_version=&#8220;4.27.0&#8243; _module_preset=&#8220;default&#8220; animation_direction=&#8220;left&#8220; global_colors_info=&#8220;{}&#8220;][et_pb_column type=&#8220;4_4&#8243; _builder_version=&#8220;4.26.1&#8243; _module_preset=&#8220;default&#8220; global_colors_info=&#8220;{}&#8220;][et_pb_image src=&#8220;http:\/\/www.ditziput.de\/wp-content\/uploads\/2024\/07\/7-1.png&#8220; title_text=&#8220;7&#8243; disabled_on=&#8220;on|off|off&#8220; _builder_version=&#8220;4.27.0&#8243; _module_preset=&#8220;default&#8220; positioning=&#8220;absolute&#8220; position_origin_a=&#8220;top_right&#8220; vertical_offset=&#8220;65%&#8220; horizontal_offset=&#8220;43%&#8220; width=&#8220;16%&#8220; animation_style=&#8220;fade&#8220; animation_delay=&#8220;1500ms&#8220; global_colors_info=&#8220;{}&#8220;][\/et_pb_image][et_pb_text _builder_version=&#8220;4.27.0&#8243; _module_preset=&#8220;default&#8220; text_text_color=&#8220;#000000&#8243; text_font_size=&#8220;27px&#8220; ul_line_height=&#8220;1.3em&#8220; header_text_color=&#8220;#000000&#8243; header_font_size=&#8220;37px&#8220; animation_style=&#8220;slide&#8220; animation_direction=&#8220;left&#8220; animation_duration=&#8220;1500ms&#8220; global_colors_info=&#8220;{}&#8220;]<\/p>\n<h1>Integrativer Aspekt<\/h1>\n<ul>\n<li>Zusammenf\u00fchrung von Menschen mit und ohne Behinderungen<\/li>\n<li>F\u00f6rderung der Kommunikation zwischen beiden Gruppierungen<\/li>\n<li>Integration der Kinder mit Behinderung durch gemeinsam inhaltlich gestaltete Arbeitsbereiche ins Umfeld der Kinder ohne Behinderungen und umgekehrt<\/li>\n<li>Abbau von Barrieren und \u00c4ngsten, sowie Vermeidung von Vorurteilen gegen\u00fcber der anderen Gruppierung<\/li>\n<\/ul>\n<p>[\/et_pb_text][\/et_pb_column][\/et_pb_row][et_pb_row module_id=&#8220;int3&#8243; _builder_version=&#8220;4.26.1&#8243; _module_preset=&#8220;default&#8220; custom_margin=&#8220;3px|auto||auto||&#8220; custom_padding=&#8220;27px|||||&#8220; animation_style=&#8220;fade&#8220; global_colors_info=&#8220;{}&#8220;][et_pb_column type=&#8220;4_4&#8243; _builder_version=&#8220;4.26.1&#8243; _module_preset=&#8220;default&#8220; global_colors_info=&#8220;{}&#8220;][et_pb_text _builder_version=&#8220;4.27.0&#8243; _module_preset=&#8220;default&#8220; text_text_color=&#8220;#000000&#8243; text_font_size=&#8220;27px&#8220; ul_line_height=&#8220;1.3em&#8220; header_text_color=&#8220;#000000&#8243; header_font_size=&#8220;37px&#8220; animation_style=&#8220;slide&#8220; animation_direction=&#8220;right&#8220; animation_duration=&#8220;1500ms&#8220; global_colors_info=&#8220;{}&#8220;]<\/p>\n<h1>Interkultureller Aspekt<\/h1>\n<ul>\n<li>Erm\u00f6glichung des Kennenlernens eines anderen Kulturkreises im Sinne eines gemeinsamen Europas<\/li>\n<li>Abbau von Barrieren und Vermeidung von Vorurteilen gegen\u00fcber eines anderen Kulturkreises<br \/>F\u00f6rderung der Kommunikation\/Gedankenaustausch zwischen deutschen und ausl\u00e4ndischen Betreuern<\/li>\n<li>F\u00f6rderung der &#8222;Sprache&#8220; bei Kindern durch ein fr\u00fches Miteinander<\/li>\n<li>Integration der ausl\u00e4ndischen Betreuer sowohl durch Mitarbeit bis hin zur selbst\u00e4ndigen F\u00fchrung eigen Arbeitsbereichs, als auch durch Freizeit \u00e4hnliche Aktivit\u00e4ten, um kulturelle Gemeinsamkeiten und Unterschiede kennenzulernen<\/li>\n<\/ul>\n<p>[\/et_pb_text][\/et_pb_column][\/et_pb_row][et_pb_row _builder_version=&#8220;4.27.0&#8243; _module_preset=&#8220;default&#8220; animation_style=&#8220;fade&#8220; global_colors_info=&#8220;{}&#8220;][et_pb_column type=&#8220;4_4&#8243; _builder_version=&#8220;4.26.1&#8243; _module_preset=&#8220;default&#8220; global_colors_info=&#8220;{}&#8220;][et_pb_image src=&#8220;http:\/\/www.ditziput.de\/wp-content\/uploads\/2024\/07\/26.png&#8220; title_text=&#8220;26&#8243; disabled_on=&#8220;on|off|off&#8220; _builder_version=&#8220;4.27.0&#8243; _module_preset=&#8220;default&#8220; positioning=&#8220;absolute&#8220; vertical_offset=&#8220;-32%&#8220; horizontal_offset=&#8220;37%&#8220; width=&#8220;12%&#8220; animation_style=&#8220;fade&#8220; animation_delay=&#8220;1500ms&#8220; global_colors_info=&#8220;{}&#8220;][\/et_pb_image][et_pb_text _builder_version=&#8220;4.27.0&#8243; _module_preset=&#8220;default&#8220; text_text_color=&#8220;#000000&#8243; text_font_size=&#8220;27px&#8220; ul_line_height=&#8220;1.3em&#8220; header_text_color=&#8220;#000000&#8243; header_font_size=&#8220;37px&#8220; animation_style=&#8220;slide&#8220; animation_direction=&#8220;left&#8220; animation_duration=&#8220;1500ms&#8220; global_colors_info=&#8220;{}&#8220;]<\/p>\n<h1>Was uns am Herzen liegt!<\/h1>\n<ul>\n<li>Vorbildhaftes Verhalten der Betreuer &#8222;Ihr seid f\u00fcr die Kinder, Besucher und G\u00e4ste das Spiegelbild Ditziputs&#8220;<\/li>\n<li>Aktives Beobachten der Kinder (in Sichtweite) und ggf. aktives Handeln beim Fehlverhalten der Kinder gegen\u00fcber anderen Kindern &#8211; insbesondere Kindern mit Behinderungen<\/li>\n<li>Aktive Integration der ausl\u00e4ndischen Betreuer durch Einbindung und Dialog (!!)<\/li>\n<li>Ausl\u00e4ndische Betreuer sind unsere G\u00e4ste &#8211; und sollen auch unsere Gastfreundschaft &#8222;genie\u00dfen&#8220;!!<\/li>\n<\/ul>\n<p>[\/et_pb_text][\/et_pb_column][\/et_pb_row][\/et_pb_section]<\/p>\n","protected":false},"excerpt":{"rendered":"<p>Unser LeitbildIntergenerativer Aspekt F\u00f6rderung der Kommunikation zwischen den Generationen Generationen\u00fcbergreifende Realisierung der festgelegten Ziele Verantwortungstransfer auf junge Betreuer Integration der \u00e4lteren Betreuer ins junge Umfelddurch gemeinsam adressierte Aufgabenstellung Gewinn durch Erfahrungs- und Gedankenaustausch Vermeidung oder Abbau von Vorurteilen gegen\u00fcber den anderen Generationen Integrativer Aspekt Zusammenf\u00fchrung von Menschen mit und ohne Behinderungen F\u00f6rderung der Kommunikation zwischen [&hellip;]<\/p>\n","protected":false},"author":1,"featured_media":0,"parent":10045,"menu_order":0,"comment_status":"closed","ping_status":"closed","template":"","meta":{"_et_pb_use_builder":"on","_et_pb_old_content":"<!-- wp:spacer {\"height\":30} -->\n<div style=\"height:30px\" aria-hidden=\"true\" class=\"wp-block-spacer\"><\/div>\n<!-- \/wp:spacer -->\n\n<!-- wp:image {\"id\":10067} -->\n<figure class=\"wp-block-image\"><img src=\"http:\/\/www.ditziput.de\/wp-content\/uploads\/2022\/08\/Folie1.jpg\" alt=\"\" class=\"wp-image-10067\"\/><\/figure>\n<!-- \/wp:image -->\n\n<!-- wp:image {\"id\":10068} -->\n<figure class=\"wp-block-image\"><img src=\"http:\/\/www.ditziput.de\/wp-content\/uploads\/2022\/08\/Folie2.jpg\" alt=\"\" class=\"wp-image-10068\"\/><\/figure>\n<!-- \/wp:image -->\n\n<!-- wp:image {\"id\":10069} -->\n<figure class=\"wp-block-image\"><img src=\"http:\/\/www.ditziput.de\/wp-content\/uploads\/2022\/08\/Folie3.jpg\" alt=\"\" class=\"wp-image-10069\"\/><\/figure>\n<!-- \/wp:image -->\n\n<!-- wp:image {\"id\":10070} -->\n<figure class=\"wp-block-image\"><img src=\"http:\/\/www.ditziput.de\/wp-content\/uploads\/2022\/08\/Folie4.jpg\" alt=\"\" class=\"wp-image-10070\"\/><\/figure>\n<!-- \/wp:image -->\n\n<!-- wp:image {\"id\":10071} -->\n<figure class=\"wp-block-image\"><img src=\"http:\/\/www.ditziput.de\/wp-content\/uploads\/2022\/08\/Folie5.jpg\" alt=\"\" class=\"wp-image-10071\"\/><\/figure>\n<!-- \/wp:image -->","_et_gb_content_width":"","ngg_post_thumbnail":0,"footnotes":""},"class_list":["post-10066","page","type-page","status-publish","hentry"],"_links":{"self":[{"href":"https:\/\/www.ditziput.de\/index.php?rest_route=\/wp\/v2\/pages\/10066","targetHints":{"allow":["GET"]}}],"collection":[{"href":"https:\/\/www.ditziput.de\/index.php?rest_route=\/wp\/v2\/pages"}],"about":[{"href":"https:\/\/www.ditziput.de\/index.php?rest_route=\/wp\/v2\/types\/page"}],"author":[{"embeddable":true,"href":"https:\/\/www.ditziput.de\/index.php?rest_route=\/wp\/v2\/users\/1"}],"replies":[{"embeddable":true,"href":"https:\/\/www.ditziput.de\/index.php?rest_route=%2Fwp%2Fv2%2Fcomments&post=10066"}],"version-history":[{"count":24,"href":"https:\/\/www.ditziput.de\/index.php?rest_route=\/wp\/v2\/pages\/10066\/revisions"}],"predecessor-version":[{"id":12161,"href":"https:\/\/www.ditziput.de\/index.php?rest_route=\/wp\/v2\/pages\/10066\/revisions\/12161"}],"up":[{"embeddable":true,"href":"https:\/\/www.ditziput.de\/index.php?rest_route=\/wp\/v2\/pages\/10045"}],"wp:attachment":[{"href":"https:\/\/www.ditziput.de\/index.php?rest_route=%2Fwp%2Fv2%2Fmedia&parent=10066"}],"curies":[{"name":"wp","href":"https:\/\/api.w.org\/{rel}","templated":true}]}}