{"id":2867,"date":"2017-08-07T13:46:44","date_gmt":"2017-08-07T11:46:44","guid":{"rendered":"http:\/\/www.ditziput.de\/spielstadt16\/?page_id=2867"},"modified":"2026-01-30T22:51:10","modified_gmt":"2026-01-30T21:51:10","slug":"fed","status":"publish","type":"page","link":"https:\/\/www.ditziput.de\/?page_id=2867","title":{"rendered":"FED"},"content":{"rendered":"<p>[et_pb_section fb_built=&#8220;1&#8243; admin_label=&#8220;section&#8220; _builder_version=&#8220;4.27.4&#8243; global_colors_info=&#8220;{}&#8220;][et_pb_row _builder_version=&#8220;4.26.1&#8243; _module_preset=&#8220;default&#8220; global_colors_info=&#8220;{}&#8220;][et_pb_column type=&#8220;4_4&#8243; _builder_version=&#8220;4.26.1&#8243; _module_preset=&#8220;default&#8220; global_colors_info=&#8220;{}&#8220;][et_pb_text _builder_version=&#8220;4.27.5&#8243; _module_preset=&#8220;default&#8220; header_text_align=&#8220;left&#8220; header_text_color=&#8220;#000000&#8243; header_font_size=&#8220;35px&#8220; animation_style=&#8220;fade&#8220; animation_direction=&#8220;left&#8220; hover_enabled=&#8220;0&#8243; global_colors_info=&#8220;{}&#8220; header_letter_spacing__hover_enabled=&#8220;on|desktop&#8220; sticky_enabled=&#8220;0&#8243;]<\/p>\n<h1><strong>\u00a0FEDIA<\/strong><\/h1>\n<p>[\/et_pb_text][\/et_pb_column][\/et_pb_row][et_pb_row column_structure=&#8220;1_2,1_2&#8243; _builder_version=&#8220;4.26.1&#8243; _module_preset=&#8220;default&#8220; global_colors_info=&#8220;{}&#8220;][et_pb_column type=&#8220;1_2&#8243; _builder_version=&#8220;4.26.1&#8243; _module_preset=&#8220;default&#8220; global_colors_info=&#8220;{}&#8220;][et_pb_image src=&#8220;https:\/\/www.ditzingen.de\/fileadmin\/Dateien\/Bilder\/Leben___Wohnen\/Logo_FEDIA_.JPG&#8220; title_text=&#8220;csm_Logo_FED_5569aa02db-1&#8243; _builder_version=&#8220;4.27.5&#8243; _module_preset=&#8220;default&#8220; animation_style=&#8220;zoom&#8220; animation_duration=&#8220;800ms&#8220; animation_delay=&#8220;250ms&#8220; animation_intensity_zoom=&#8220;25%&#8220; hover_enabled=&#8220;0&#8243; border_radii=&#8220;on|8%|8%|8%|8%&#8220; border_width_all=&#8220;8px&#8220; border_color_all=&#8220;gcid-heading-color&#8220; global_colors_info=&#8220;{%22gcid-heading-color%22:%91%22border_color_all%22%93}&#8220; sticky_enabled=&#8220;0&#8243;][\/et_pb_image][\/et_pb_column][et_pb_column type=&#8220;1_2&#8243; _builder_version=&#8220;4.26.1&#8243; _module_preset=&#8220;default&#8220; global_colors_info=&#8220;{}&#8220;][et_pb_image src=&#8220;http:\/\/www.ditziput.de\/wp-content\/uploads\/2024\/07\/IMG_3298-1024&#215;768-1-1.jpeg&#8220; title_text=&#8220;IMG_3298-1024&#215;768-1&#8243; _builder_version=&#8220;4.27.0&#8243; _module_preset=&#8220;default&#8220; animation_style=&#8220;zoom&#8220; animation_duration=&#8220;800ms&#8220; animation_delay=&#8220;250ms&#8220; animation_intensity_zoom=&#8220;25%&#8220; border_radii=&#8220;on|8%|8%|8%|8%&#8220; border_width_all=&#8220;8px&#8220; border_color_all=&#8220;gcid-heading-color&#8220; global_colors_info=&#8220;{%22gcid-heading-color%22:%91%22border_color_all%22%93}&#8220;][\/et_pb_image][\/et_pb_column][\/et_pb_row][et_pb_row _builder_version=&#8220;4.27.5&#8243; _module_preset=&#8220;default&#8220; global_colors_info=&#8220;{}&#8220;][et_pb_column type=&#8220;4_4&#8243; _builder_version=&#8220;4.26.1&#8243; _module_preset=&#8220;default&#8220; global_colors_info=&#8220;{}&#8220;][et_pb_text _builder_version=&#8220;4.27.5&#8243; _module_preset=&#8220;default&#8220; text_text_color=&#8220;#000000&#8243; text_font_size=&#8220;27px&#8220; text_line_height=&#8220;1.8em&#8220; header_text_color=&#8220;#000000&#8243; animation_style=&#8220;fade&#8220; animation_delay=&#8220;600ms&#8220; global_colors_info=&#8220;{}&#8220;]<\/p>\n<h1><strong>Was macht FEDIA? <\/strong><span><\/span><\/h1>\n<p>FEDIA ist ein offenes Angebot der Stadt Ditzingen f\u00fcr Menschen mit geistiger und\/oder k\u00f6rperlichen Behinderung, sowie f\u00fcr ihre Angeh\u00f6rigen.<\/p>\n<p>Ziel dieser Angebote ist es, einen Beitrag dazu zu leisten, dass Menschen mit Behinderung ihr Leben so normal wie m\u00f6glich f\u00fchren k\u00f6nnen. Neben der M\u00f6glichkeit einer sinnvollen und erlebnisreichen Freizeitgestaltung, sollen die Angebote die sozialen Kontakte der Menschen mit Behinderung untereinander, sowie ihre Inklusion in der Gesellschaft f\u00f6rdern.<\/p>\n<h1><b>FEDIA und Ditziput<\/b><\/h1>\n<p><b><\/b><\/p>\n<p>Da Ditziput einen hohen Wert auf Inklusion <strong><a href=\"https:\/\/www.ditziput.de\/?page_id=10066\"><\/a><\/strong>legt, wollen wir, dass Kinder mit Behinderung, wie jeder andere, am Ditziput geschehen teilnehmen und mitwirken k\u00f6nnen. Die Mitarbeiter von FEDIA helfen dabei, diese Inklusion so einfach wie m\u00f6glich zu gestalten. Indem sie die Kinder durch den Spielstadtalltag begleiten und ihnen bei Problemen helfen.<b><\/b><\/p>\n<p><b><\/b><\/p>\n<p>[\/et_pb_text][et_pb_image src=&#8220;http:\/\/www.ditziput.de\/wp-content\/uploads\/2024\/07\/25.png&#8220; title_text=&#8220;25&#8243; _builder_version=&#8220;4.27.0&#8243; _module_preset=&#8220;default&#8220; positioning=&#8220;absolute&#8220; vertical_offset=&#8220;99%&#8220; horizontal_offset=&#8220;58%&#8220; width=&#8220;10%&#8220; animation_style=&#8220;slide&#8220; animation_direction=&#8220;left&#8220; animation_duration=&#8220;500ms&#8220; animation_delay=&#8220;1500ms&#8220; animation_intensity_slide=&#8220;30%&#8220; global_colors_info=&#8220;{}&#8220;][\/et_pb_image][\/et_pb_column][\/et_pb_row][et_pb_row _builder_version=&#8220;4.26.1&#8243; _module_preset=&#8220;default&#8220; global_colors_info=&#8220;{}&#8220;][et_pb_column type=&#8220;4_4&#8243; _builder_version=&#8220;4.26.1&#8243; _module_preset=&#8220;default&#8220; global_colors_info=&#8220;{}&#8220;][et_pb_image src=&#8220;http:\/\/www.ditziput.de\/wp-content\/uploads\/2024\/07\/27.png&#8220; title_text=&#8220;27&#8243; disabled_on=&#8220;on|off|off&#8220; _builder_version=&#8220;4.27.0&#8243; _module_preset=&#8220;default&#8220; positioning=&#8220;absolute&#8220; vertical_offset=&#8220;-53%&#8220; horizontal_offset=&#8220;33%&#8220; width=&#8220;9%&#8220; animation_style=&#8220;slide&#8220; animation_direction=&#8220;right&#8220; animation_duration=&#8220;500ms&#8220; animation_delay=&#8220;1200ms&#8220; animation_intensity_slide=&#8220;30%&#8220; global_colors_info=&#8220;{}&#8220;][\/et_pb_image][et_pb_button button_url=&#8220;https:\/\/www.ditzingen.de\/leben-wohnen\/menschen-mit-behinderung&#8220; button_text=&#8220;Zur FEDIA&#8220; button_alignment=&#8220;center&#8220; _builder_version=&#8220;4.27.5&#8243; _module_preset=&#8220;default&#8220; custom_button=&#8220;on&#8220; button_text_color=&#8220;#000000&#8243; button_bg_color=&#8220;gcid-secondary-color&#8220; button_border_width=&#8220;0px&#8220; button_border_color=&#8220;gcid-primary-color&#8220; button_border_radius=&#8220;8px&#8220; button_font=&#8220;||||||||&#8220; animation_style=&#8220;fade&#8220; animation_direction=&#8220;bottom&#8220; animation_delay=&#8220;800ms&#8220; hover_enabled=&#8220;0&#8243; box_shadow_style=&#8220;preset1&#8243; global_colors_info=&#8220;{%22gcid-primary-color%22:%91%22button_bg_color__hover%22,%22button_border_color%22%93,%22gcid-secondary-color%22:%91%22button_bg_color%22%93,%22gcid-54eed0ac-397f-4257-a193-b2f7a053c09c%22:%91%22button_bg_color%22,%22button_bg_color%22%93,%22gcid-520d062c-15cb-47cf-ae47-727e25c977ca%22:%91%22button_bg_color%22,%22button_bg_color%22,%22button_bg_color%22%93}&#8220; button_border_color__hover=&#8220;#000000&#8243; button_border_color__hover_enabled=&#8220;on|desktop&#8220; button_bg_color__hover=&#8220;#318ce7&#8243; button_bg_color__hover_enabled=&#8220;on|desktop&#8220; sticky_enabled=&#8220;0&#8243;][\/et_pb_button][\/et_pb_column][\/et_pb_row][\/et_pb_section]<\/p>\n","protected":false},"excerpt":{"rendered":"<p>\u00a0FEDIAWas macht FEDIA? FEDIA ist ein offenes Angebot der Stadt Ditzingen f\u00fcr Menschen mit geistiger und\/oder k\u00f6rperlichen Behinderung, sowie f\u00fcr ihre Angeh\u00f6rigen. Ziel dieser Angebote ist es, einen Beitrag dazu zu leisten, dass Menschen mit Behinderung ihr Leben so normal wie m\u00f6glich f\u00fchren k\u00f6nnen. Neben der M\u00f6glichkeit einer sinnvollen und erlebnisreichen Freizeitgestaltung, sollen die Angebote [&hellip;]<\/p>\n","protected":false},"author":3,"featured_media":0,"parent":9656,"menu_order":0,"comment_status":"closed","ping_status":"closed","template":"","meta":{"_et_pb_use_builder":"on","_et_pb_old_content":"<!-- wp:gallery {\"ids\":[\"9482\",9635]} -->\n<ul class=\"wp-block-gallery columns-2 is-cropped\"><li class=\"blocks-gallery-item\"><figure><img src=\"http:\/\/www.ditziput.de\/spielstadt16\/wp-content\/uploads\/2022\/08\/csm_Logo_FED_5569aa02db-1.jpg\" alt=\"\" data-id=\"9482\" data-link=\"http:\/\/www.ditziput.de\/spielstadt16\/?attachment_id=9482\" class=\"wp-image-9482\"\/><\/figure><\/li><li class=\"blocks-gallery-item\"><figure><img src=\"http:\/\/www.ditziput.de\/spielstadt16\/wp-content\/uploads\/2022\/08\/IMG_3298-1024x768.jpeg\" alt=\"\" data-id=\"9635\" data-link=\"http:\/\/www.ditziput.de\/spielstadt16\/?attachment_id=9635\" class=\"wp-image-9635\"\/><\/figure><\/li><\/ul>\n<!-- \/wp:gallery -->\n\n<p><span style=\"font-family: arial, helvetica, sans-serif; font-size: 12pt;\"><a href=\"https:\/\/www.ditzingen.de\/index.php?id=715\">Hier<\/a> gehts zur Website des FED<\/span><\/p>\n<p><strong><u>Interview beim FED (<em>von Linda und Rosalie<\/em>)<\/u><\/strong><\/p>\n<p><em><span style=\"font-family: arial, helvetica, sans-serif;\">Was macht ihr hier?<\/span><\/em><\/p>\n<p><span style=\"font-family: arial, helvetica, sans-serif;\">Wir betreuen hier die FED-Kinder bei bestimmten Situationen.<\/span><\/p>\n<p>&nbsp;<\/p>\n<p><em><span style=\"font-family: arial, helvetica, sans-serif;\">Wer sind hier die Betreuer?<\/span><\/em><\/p>\n<p><span style=\"font-family: arial, helvetica, sans-serif;\">Lukas, Anke, Petra und Nasya<\/span><\/p>\n<p>&nbsp;<\/p>\n<p><em><span style=\"font-family: arial, helvetica, sans-serif;\">Was gef\u00e4llt euch an Ditziput am meisten?<\/span><\/em><\/p>\n<p><span style=\"font-family: arial, helvetica, sans-serif;\">Uns gef\u00e4llt es hier, dass es so viel Auswahl gibt.<\/span><\/p>\n<p>&nbsp;<\/p>\n<p><em><span style=\"font-family: arial, helvetica, sans-serif;\">Wof\u00fcr braucht man eure Station?<\/span><\/em><\/p>\n<p><span style=\"font-family: arial, helvetica, sans-serif;\">Um Kinder mit k\u00f6rperlichen und geistigen Einschr\u00e4nkungen zu integrieren und ihnen dabei zu helfen am Angebot teilzunehmen.<\/span><\/p>","_et_gb_content_width":"","ngg_post_thumbnail":0,"footnotes":""},"class_list":["post-2867","page","type-page","status-publish","hentry"],"_links":{"self":[{"href":"https:\/\/www.ditziput.de\/index.php?rest_route=\/wp\/v2\/pages\/2867","targetHints":{"allow":["GET"]}}],"collection":[{"href":"https:\/\/www.ditziput.de\/index.php?rest_route=\/wp\/v2\/pages"}],"about":[{"href":"https:\/\/www.ditziput.de\/index.php?rest_route=\/wp\/v2\/types\/page"}],"author":[{"embeddable":true,"href":"https:\/\/www.ditziput.de\/index.php?rest_route=\/wp\/v2\/users\/3"}],"replies":[{"embeddable":true,"href":"https:\/\/www.ditziput.de\/index.php?rest_route=%2Fwp%2Fv2%2Fcomments&post=2867"}],"version-history":[{"count":27,"href":"https:\/\/www.ditziput.de\/index.php?rest_route=\/wp\/v2\/pages\/2867\/revisions"}],"predecessor-version":[{"id":12452,"href":"https:\/\/www.ditziput.de\/index.php?rest_route=\/wp\/v2\/pages\/2867\/revisions\/12452"}],"up":[{"embeddable":true,"href":"https:\/\/www.ditziput.de\/index.php?rest_route=\/wp\/v2\/pages\/9656"}],"wp:attachment":[{"href":"https:\/\/www.ditziput.de\/index.php?rest_route=%2Fwp%2Fv2%2Fmedia&parent=2867"}],"curies":[{"name":"wp","href":"https:\/\/api.w.org\/{rel}","templated":true}]}}